{"id":74,"date":"2024-08-14T03:45:58","date_gmt":"2024-08-14T03:45:58","guid":{"rendered":"https:\/\/palavraseartes.com\/?page_id=74"},"modified":"2024-08-14T03:45:58","modified_gmt":"2024-08-14T03:45:58","slug":"about","status":"publish","type":"page","link":"https:\/\/palavraseartes.com\/de\/about\/","title":{"rendered":"An"},"content":{"rendered":"<!--advertisement--><div class=\"mx-5 sm:mx-0 sm:text-3xl text-2xl font-medium title-font mb-4 text-gray-900 text-left\">\n<h2 class=\"wp-block-heading\" id=\"h-palavras-e-artes\">Worte und K\u00fcnste<\/h2>\n<\/div><!--advertisement--><div class=\"mx-5 sm:mx-0 sm:text-3xl text-2xl font-medium title-font mb-4 text-gray-900 text-left\">\n<h3 class=\"wp-block-heading\" id=\"h-descobrindo-novos-horizontes\">Neue Horizonte entdecken!<\/h3>\n<\/div><div class=\"mx-5 sm:mx-0 prose leading-relaxed text-lg mb-5 text-left wp-paragraph\">\n<p>Bei Palavras e Artes haben wir es uns zur Aufgabe gemacht, die besten Unterhaltungs-Apps und digitalen Inhalte zu recherchieren und fachkundige Beratung anzubieten. Unser Ziel ist es, Einzelpersonen mit den Informationen und Werkzeugen auszustatten, die sie ben\u00f6tigen, um in vielen Bereichen des Lebens hervorragende Leistungen zu erbringen, von der kulturellen Weiterentwicklung \u00fcber die pers\u00f6nliche Entwicklung bis hin zur Steigerung der Produktivit\u00e4t. Wir sind fest davon \u00fcberzeugt, dass der Zugang zu hochwertigen Informationen, gepaart mit Entschlossenheit und Beharrlichkeit, der Schl\u00fcssel zum Erfolg und einem erf\u00fcllteren Leben ist.<\/p>\n<\/div><!--advertisement--><div class=\"mx-5 sm:mx-0 sm:text-3xl text-2xl font-medium title-font mb-4 text-gray-900 text-left\">\n<h3 class=\"wp-block-heading\" id=\"h-quem-somos\">Wer sind wir?<\/h3>\n<\/div><div class=\"mx-5 sm:mx-0 prose leading-relaxed text-lg mb-5 text-left wp-paragraph\">\n<p>Words and Arts ist ein Portal, das sich der Kuratierung von Inhalten und dem Online-Lernen widmet. Wir verf\u00fcgen \u00fcber ein Team erfahrener Fachleute, die bestrebt sind, relevante und innovative Inhalte auszuw\u00e4hlen und bereitzustellen. Wir sind bestrebt, kontinuierlich wertvolle Einblicke in Kultur, Technologie, pers\u00f6nliche Effektivit\u00e4t und Innovation zu liefern, egal wo Sie sich befinden. Betrachten Sie uns als Ihren st\u00e4ndigen Partner auf dem Weg der Selbstverbesserung.<\/p>\n<\/div><!--advertisement--><div class=\"mx-5 sm:mx-0 sm:text-3xl text-2xl font-medium title-font mb-4 text-gray-900 text-left\">\n<h3 class=\"wp-block-heading\" id=\"h-contribua-para-nosso-crescimento\">Tragen Sie zu unserem Wachstum bei!<\/h3>\n<\/div><div class=\"mx-5 sm:mx-0 prose leading-relaxed text-lg mb-5 text-left wp-paragraph\">\n<p>Ihr Feedback ist f\u00fcr uns wichtig. Wenn Sie Anregungen zu neuen Themen, konstruktive Kritik oder Vorschl\u00e4ge zur Erweiterung unserer Artikelsammlung haben, z\u00f6gern Sie nicht, uns \u00fcber unsere Kontaktseite zu kontaktieren. Gemeinsam k\u00f6nnen wir eine bessere Zukunft entwickeln, angetrieben von Wissen und Innovation.<\/p>\n<\/div><div class=\"mx-5 sm:mx-0 prose leading-relaxed text-lg mb-5 text-left wp-paragraph\">\n<p><\/p>\n<\/div>","protected":false},"excerpt":{"rendered":"<p>Worte und Kunst entdecken neue Horizonte! Bei Palavras e Artes haben wir es uns zur Aufgabe gemacht, die besten Unterhaltungs-Apps und digitalen Inhalte zu recherchieren und fachkundige Beratung anzubieten. Unser Ziel ist es, Einzelpersonen mit den Informationen und Werkzeugen auszustatten, die sie ben\u00f6tigen, um in verschiedenen Bereichen des Lebens hervorragende Leistungen zu erbringen, von der kulturellen Weiterentwicklung bis hin zu pers\u00f6nlicher Entwicklung und Wachstum \u2026 <a class=\"more-link\" href=\"https:\/\/palavraseartes.com\/de\/about\/\">Lesen Sie weiter <span class=\"screen-reader-text\">An<\/span><\/a><\/p>","protected":false},"author":34,"featured_media":0,"parent":0,"menu_order":0,"comment_status":"closed","ping_status":"closed","template":"","meta":{"footnotes":""},"yoast_head":"<!-- This site is optimized with the Yoast SEO Premium plugin v18.7 (Yoast SEO v23.3) - https:\/\/yoast.com\/wordpress\/plugins\/seo\/ -->\n<title>Sobre - P&amp;A<\/title>\n<meta name=\"robots\" content=\"index, follow, max-snippet:-1, max-image-preview:large, max-video-preview:-1\" \/>\n<link rel=\"canonical\" href=\"https:\/\/palavraseartes.com\/de\/about\/\" \/>\n<meta property=\"og:locale\" content=\"de_DE\" \/>\n<meta property=\"og:type\" content=\"article\" \/>\n<meta property=\"og:title\" content=\"Sobre\" \/>\n<meta property=\"og:description\" content=\"Palavras e Artes Descobrindo Novos Horizontes! No Palavras e Artes, empenhamo-nos na pesquisa e na oferta de conselhos especializados sobre os melhores aplicativos de entretenimento e conte\u00fados digitais. Nosso objetivo \u00e9 equipar indiv\u00edduos com as informa\u00e7\u00f5es e ferramentas necess\u00e1rias para se destacarem em diversas facetas da vida, desde aprimoramento cultural at\u00e9 desenvolvimento pessoal e aumento&hellip; Continue reading Sobre\" \/>\n<meta property=\"og:url\" content=\"https:\/\/palavraseartes.com\/de\/about\/\" \/>\n<meta property=\"og:site_name\" content=\"P&amp;A\" \/>\n<meta name=\"twitter:card\" content=\"summary_large_image\" \/>\n<meta name=\"twitter:label1\" content=\"Est. reading time\" \/>\n\t<meta name=\"twitter:data1\" content=\"1 Minute\" \/>\n<script type=\"application\/ld+json\" class=\"yoast-schema-graph\">{\"@context\":\"https:\/\/schema.org\",\"@graph\":[{\"@type\":\"WebPage\",\"@id\":\"https:\/\/palavraseartes.com\/about\/\",\"url\":\"https:\/\/palavraseartes.com\/about\/\",\"name\":\"Sobre - P&amp;A\",\"isPartOf\":{\"@id\":\"https:\/\/palavraseartes.com\/#website\"},\"datePublished\":\"2024-08-14T03:45:58+00:00\",\"dateModified\":\"2024-08-14T03:45:58+00:00\",\"breadcrumb\":{\"@id\":\"https:\/\/palavraseartes.com\/about\/#breadcrumb\"},\"inLanguage\":\"de-DE\",\"potentialAction\":[{\"@type\":\"ReadAction\",\"target\":[\"https:\/\/palavraseartes.com\/about\/\"]}]},{\"@type\":\"BreadcrumbList\",\"@id\":\"https:\/\/palavraseartes.com\/about\/#breadcrumb\",\"itemListElement\":[{\"@type\":\"ListItem\",\"position\":1,\"name\":\"Home\",\"item\":\"https:\/\/palavraseartes.com\/\"},{\"@type\":\"ListItem\",\"position\":2,\"name\":\"Sobre\"}]},{\"@type\":\"WebSite\",\"@id\":\"https:\/\/palavraseartes.com\/#website\",\"url\":\"https:\/\/palavraseartes.com\/\",\"name\":\"P&amp;A\",\"description\":\"\",\"potentialAction\":[{\"@type\":\"SearchAction\",\"target\":{\"@type\":\"EntryPoint\",\"urlTemplate\":\"https:\/\/palavraseartes.com\/?s={search_term_string}\"},\"query-input\":\"required name=search_term_string\"}],\"inLanguage\":\"de-DE\"}]}<\/script>\n<!-- \/ Yoast SEO Premium plugin. -->","yoast_head_json":{"title":"Sobre - P&amp;A","robots":{"index":"index","follow":"follow","max-snippet":"max-snippet:-1","max-image-preview":"max-image-preview:large","max-video-preview":"max-video-preview:-1"},"canonical":"https:\/\/palavraseartes.com\/de\/about\/","og_locale":"de_DE","og_type":"article","og_title":"Sobre","og_description":"Palavras e Artes Descobrindo Novos Horizontes! No Palavras e Artes, empenhamo-nos na pesquisa e na oferta de conselhos especializados sobre os melhores aplicativos de entretenimento e conte\u00fados digitais. Nosso objetivo \u00e9 equipar indiv\u00edduos com as informa\u00e7\u00f5es e ferramentas necess\u00e1rias para se destacarem em diversas facetas da vida, desde aprimoramento cultural at\u00e9 desenvolvimento pessoal e aumento&hellip; Continue reading Sobre","og_url":"https:\/\/palavraseartes.com\/de\/about\/","og_site_name":"P&amp;A","twitter_card":"summary_large_image","twitter_misc":{"Est. reading time":"1 Minute"},"schema":{"@context":"https:\/\/schema.org","@graph":[{"@type":"WebPage","@id":"https:\/\/palavraseartes.com\/about\/","url":"https:\/\/palavraseartes.com\/about\/","name":"Sobre - P&amp;A","isPartOf":{"@id":"https:\/\/palavraseartes.com\/#website"},"datePublished":"2024-08-14T03:45:58+00:00","dateModified":"2024-08-14T03:45:58+00:00","breadcrumb":{"@id":"https:\/\/palavraseartes.com\/about\/#breadcrumb"},"inLanguage":"de-DE","potentialAction":[{"@type":"ReadAction","target":["https:\/\/palavraseartes.com\/about\/"]}]},{"@type":"BreadcrumbList","@id":"https:\/\/palavraseartes.com\/about\/#breadcrumb","itemListElement":[{"@type":"ListItem","position":1,"name":"Home","item":"https:\/\/palavraseartes.com\/"},{"@type":"ListItem","position":2,"name":"Sobre"}]},{"@type":"WebSite","@id":"https:\/\/palavraseartes.com\/#website","url":"https:\/\/palavraseartes.com\/","name":"P&amp;A","description":"","potentialAction":[{"@type":"SearchAction","target":{"@type":"EntryPoint","urlTemplate":"https:\/\/palavraseartes.com\/?s={search_term_string}"},"query-input":"required name=search_term_string"}],"inLanguage":"de-DE"}]}},"_links":{"self":[{"href":"https:\/\/palavraseartes.com\/de\/wp-json\/wp\/v2\/pages\/74"}],"collection":[{"href":"https:\/\/palavraseartes.com\/de\/wp-json\/wp\/v2\/pages"}],"about":[{"href":"https:\/\/palavraseartes.com\/de\/wp-json\/wp\/v2\/types\/page"}],"author":[{"embeddable":true,"href":"https:\/\/palavraseartes.com\/de\/wp-json\/wp\/v2\/users\/34"}],"replies":[{"embeddable":true,"href":"https:\/\/palavraseartes.com\/de\/wp-json\/wp\/v2\/comments?post=74"}],"version-history":[{"count":1,"href":"https:\/\/palavraseartes.com\/de\/wp-json\/wp\/v2\/pages\/74\/revisions"}],"predecessor-version":[{"id":75,"href":"https:\/\/palavraseartes.com\/de\/wp-json\/wp\/v2\/pages\/74\/revisions\/75"}],"wp:attachment":[{"href":"https:\/\/palavraseartes.com\/de\/wp-json\/wp\/v2\/media?parent=74"}],"curies":[{"name":"wp","href":"https:\/\/api.w.org\/{rel}","templated":true}]}}