{"id":78,"date":"2024-08-14T03:50:55","date_gmt":"2024-08-14T03:50:55","guid":{"rendered":"https:\/\/palavraseartes.com\/?page_id=78"},"modified":"2024-08-14T03:50:56","modified_gmt":"2024-08-14T03:50:56","slug":"terms","status":"publish","type":"page","link":"https:\/\/palavraseartes.com\/de\/terms\/","title":{"rendered":"Nutzungsbedingungen \u2013 Words and Arts"},"content":{"rendered":"<div class=\"mx-5 sm:mx-0 prose leading-relaxed text-lg mb-5 text-left wp-paragraph\">\n<p>Letzte Aktualisierung: 13. August 2024.<\/p>\n<\/div><div class=\"mx-5 sm:mx-0 prose leading-relaxed text-lg mb-5 text-left wp-paragraph\">\n<p>Palavras e Artes ist der Sch\u00f6pfer, Eigent\u00fcmer und Administrator des Words and Arts-Portals, das unter der Adresse zug\u00e4nglich ist<a style=\" color:;\" href=\"https:\/\/palavraseartes.com\/de\/\"> https:\/\/palavraseartes.com\/<\/a>. Die in diesen Nutzungsbedingungen genannten Ausdr\u00fccke \u201ewir\u201c, \u201eunser\u201c und \u201euns\u201c beziehen sich ausschlie\u00dflich auf Palavras e Artes.&nbsp;<\/p>\n<\/div><div class=\"mx-5 sm:mx-0 prose leading-relaxed text-lg mb-5 text-left wp-paragraph\">\n<p>Unser Portal konzentriert sich auf die Verbreitung von Inhalten im Zusammenhang mit Anwendungen, Unterhaltung und Kulturnachrichten und bietet Einblicke und tiefgreifende Analysen zu einer breiten Palette von Produkten und Dienstleistungen.&nbsp;<\/p>\n<\/div><div class=\"mx-5 sm:mx-0 prose leading-relaxed text-lg mb-5 text-left wp-paragraph\">\n<p>Diese Nutzungsbedingungen m\u00fcssen in \u00dcbereinstimmung mit unserer Datenschutzrichtlinie ausgelegt und befolgt werden, die Sie unter finden <a style=\" color:;\" href=\"https:\/\/palavraseartes.com\/de\/privacy-policy\/\">https:\/\/palavraseartes.com\/privacy-policy\/<\/a>und entsprechen vollst\u00e4ndig der geltenden Gesetzgebung.&nbsp;<\/p>\n<\/div><div class=\"mx-5 sm:mx-0 prose leading-relaxed text-lg mb-5 text-left wp-paragraph\">\n<p><strong>Es ist wichtig, dass sich der Benutzer die Zeit nimmt, diese Nutzungsbedingungen sorgf\u00e4ltig zu lesen. Bei Unstimmigkeiten mit den hier aufgef\u00fchrten Bedingungen wird empfohlen, die vom Portal angebotenen Dienste nicht zu nutzen.<\/strong>&nbsp;<\/p>\n<\/div><!--advertisement--><div class=\"mx-5 sm:mx-0 sm:text-3xl text-2xl font-medium title-font mb-4 text-gray-900 text-left\">\n<h2 class=\"wp-block-heading\" id=\"h-secao-i-condicoes-de-acesso\">Abschnitt I \u2013 Zugangsbedingungen<\/h2>\n<\/div><div class=\"mx-5 sm:mx-0 prose leading-relaxed text-lg mb-5 text-left wp-paragraph\">\n<p><strong>1.1<\/strong> Durch die Nutzung unserer Dienste erkl\u00e4rt sich der Nutzer mit der Einhaltung der Allgemeinen Nutzungsbedingungen und der verlinkten Datenschutzerkl\u00e4rung einverstanden, wobei diese Zustimmung eine zwingende Voraussetzung f\u00fcr die Inanspruchnahme der verf\u00fcgbaren Dienste darstellt.<\/p>\n<\/div><div class=\"mx-5 sm:mx-0 prose leading-relaxed text-lg mb-5 text-left wp-paragraph\">\n<p><strong>1.2<\/strong> Der Nutzer muss mindestens 18 Jahre alt und voll gesch\u00e4ftsf\u00e4hig sein, um die in diesen Bedingungen enthaltenen Verpflichtungen zu verstehen und zu akzeptieren.<\/p>\n<\/div><div class=\"mx-5 sm:mx-0 prose leading-relaxed text-lg mb-5 text-left wp-paragraph\">\n<p><strong>1.3<\/strong> Personen, die die oben genannten Anforderungen nicht erf\u00fcllen, wird empfohlen, die von Palavras e Artes angebotenen Dienste, Portale und anderen Ressourcen nicht zu nutzen.<\/p>\n<\/div><!--advertisement--><div class=\"mx-5 sm:mx-0 sm:text-3xl text-2xl font-medium title-font mb-4 text-gray-900 text-left\">\n<h2 class=\"wp-block-heading\" id=\"h-secao-ii-contato\">Abschnitt II \u2013 Kontakt<\/h2>\n<\/div><div class=\"mx-5 sm:mx-0 prose leading-relaxed text-lg mb-5 text-left wp-paragraph\">\n<p>F\u00fcr Klarstellungen oder Anfragen nach zus\u00e4tzlichen Informationen zu unseren Dienstleistungen empfehlen wir dem Benutzer, uns \u00fcber unser Words and Arts-Portal zu kontaktieren <a style=\" color:;\" href=\"https:\/\/palavraseartes.com\/de\/contact\/\">https:\/\/palavraseartes.com\/contact\/<\/a> f\u00fcr weitere Informationen.<\/p>\n<\/div><!--advertisement--><div class=\"mx-5 sm:mx-0 sm:text-3xl text-2xl font-medium title-font mb-4 text-gray-900 text-left\">\n<h2 class=\"wp-block-heading\" id=\"h-secao-iii-compromissos-e-deveres\">Abschnitt III \u2013 Verpflichtungen und Pflichten<\/h2>\n<\/div><div class=\"mx-5 sm:mx-0 prose leading-relaxed text-lg mb-5 text-left wp-paragraph\">\n<p><strong>3.1. Annahme der Bedingungen<\/strong><\/p>\n<\/div><div class=\"mx-5 sm:mx-0 prose leading-relaxed text-lg mb-5 text-left wp-paragraph\">\n<p>Durch den Zugriff auf Palavras e Artes erkl\u00e4rt sich der Benutzer mit den in diesem Dokument festgelegten Bedingungen einverstanden. Wenn Sie mit einer der hier beschriebenen Bedingungen nicht einverstanden sind, wird Ihnen von der Nutzung des Portals abgeraten.<\/p>\n<\/div><div class=\"mx-5 sm:mx-0 prose leading-relaxed text-lg mb-5 text-left wp-paragraph\">\n<p><strong>3.2. Zweck des Portals<\/strong><\/p>\n<\/div><div class=\"mx-5 sm:mx-0 prose leading-relaxed text-lg mb-5 text-left wp-paragraph\">\n<p>Das Words and Arts-Portal soll relevante Informationen zu Anwendungen und Unterhaltung bieten. Bietet Benutzern die M\u00f6glichkeit, Anwendungen, Neuigkeiten zu kulturellen Veranstaltungen und andere verwandte Produkte zu erkunden.<\/p>\n<\/div><div class=\"mx-5 sm:mx-0 prose leading-relaxed text-lg mb-5 text-left wp-paragraph\">\n<p><strong>3.3. Haftungsausschluss<\/strong><\/p>\n<\/div><div class=\"mx-5 sm:mx-0 prose leading-relaxed text-lg mb-5 text-left wp-paragraph\">\n<p>Palavras e Artes lehnt jegliche Verantwortung f\u00fcr Verluste ab, die durch Viren oder Malware, Missbrauch des Portals oder Situationen h\u00f6herer Gewalt entstehen.<\/p>\n<\/div><div class=\"mx-5 sm:mx-0 prose leading-relaxed text-lg mb-5 text-left wp-paragraph\">\n<p><strong>3.4. Leitet zu Websites Dritter weiter<\/strong><\/p>\n<\/div><div class=\"mx-5 sm:mx-0 prose leading-relaxed text-lg mb-5 text-left wp-paragraph\">\n<p>Palavras e Artes erm\u00f6glicht den Zugriff auf externe Websites, die von Dritten verwaltet werden. Wir kontrollieren diese externen Websites nicht und sind daher nicht f\u00fcr deren Datenschutzrichtlinien, Inhalte oder \u00fcber sie durchgef\u00fchrte Transaktionen verantwortlich.<\/p>\n<\/div><div class=\"mx-5 sm:mx-0 prose leading-relaxed text-lg mb-5 text-left wp-paragraph\">\n<p><strong>3.5. Benachrichtigung \u00fcber Anfragen nach personenbezogenen Daten<\/strong><\/p>\n<\/div><div class=\"mx-5 sm:mx-0 prose leading-relaxed text-lg mb-5 text-left wp-paragraph\">\n<p>Wir betonen, dass Palavras e Artes keine pers\u00f6nlichen oder Registrierungsdaten per E-Mail anfordert. Wenn Sie im Namen von Palavras e Artes eine elektronische Mitteilung mit der Bitte um diese Informationen erhalten, bitten wir Sie, nicht zu antworten und unser Team unverz\u00fcglich \u00fcber den Vorfall zu informieren.<\/p>\n<\/div><div class=\"mx-5 sm:mx-0 prose leading-relaxed text-lg mb-5 text-left wp-paragraph\">\n<p><strong>3.6. Benutzerunterst\u00fctzung<\/strong><\/p>\n<\/div><div class=\"mx-5 sm:mx-0 prose leading-relaxed text-lg mb-5 text-left wp-paragraph\">\n<p>F\u00fcr Klarstellungen, Fragen oder Kommentare zu unseren Nutzungsbedingungen steht Ihnen Palavras e Artes \u00fcber unser Kontaktformular unter zur Verf\u00fcgung <a style=\" color:;\" href=\"https:\/\/palavraseartes.com\/de\/contact\/\">https:\/\/palavraseartes.com\/contact\/<\/a>.<\/p>\n<\/div><!--advertisement--><div class=\"mx-5 sm:mx-0 sm:text-3xl text-2xl font-medium title-font mb-4 text-gray-900 text-left\">\n<h2 class=\"wp-block-heading\" id=\"h-secao-iv-condicoes-de-uso-e-restricoes\">Abschnitt IV \u2013 Nutzungsbedingungen und Einschr\u00e4nkungen<\/h2>\n<\/div><div class=\"mx-5 sm:mx-0 prose leading-relaxed text-lg mb-5 text-left wp-paragraph\">\n<p>Die Nutzung dieses Portals ist streng reguliert und seine Nutzung ist verboten f\u00fcr:<\/p>\n<\/div><div class=\"mx-5 sm:mx-0 prose text-left mb-5\">\n<ul><div class=\"mx-5 sm:mx-0 prose text-left mb-5\">\n<li>Begehen Sie illegale Aktivit\u00e4ten<\/li>\n<\/div>\n\n<div class=\"mx-5 sm:mx-0 prose text-left mb-5\">\n<li>Rechte des geistigen Eigentums verletzen<\/li>\n<\/div>\n\n<div class=\"mx-5 sm:mx-0 prose text-left mb-5\">\n<li>Andere Benutzer st\u00f6ren oder st\u00f6ren<\/li>\n<\/div>\n\n<div class=\"mx-5 sm:mx-0 prose text-left mb-5\">\n<li>Verbreiten Sie unwahre Informationen<\/li>\n<\/div>\n\n<div class=\"mx-5 sm:mx-0 prose text-left mb-5\">\n<li>Computerviren verbreiten<\/li>\n<\/div>\n\n<div class=\"mx-5 sm:mx-0 prose text-left mb-5\">\n<li>Unzul\u00e4ssiger Zugriff auf personenbezogene Daten Dritter<\/li>\n<\/div>\n\n<div class=\"mx-5 sm:mx-0 prose text-left mb-5\">\n<li>Senden Sie unerw\u00fcnschte Nachrichten (Spam)<\/li>\n<\/div>\n\n<div class=\"mx-5 sm:mx-0 prose text-left mb-5\">\n<li>Begehung von Handlungen, die als obsz\u00f6n oder gegen die guten Sitten versto\u00dfen<\/li>\n<\/div>\n\n<div class=\"mx-5 sm:mx-0 prose text-left mb-5\">\n<li>Versuch, etablierte Sicherheitsma\u00dfnahmen zu umgehen<\/li>\n<\/div><\/ul>\n<\/div><div class=\"mx-5 sm:mx-0 prose leading-relaxed text-lg mb-5 text-left wp-paragraph\">\n<p>Bei Verst\u00f6\u00dfen gegen diese Regeln kann dem Nutzer der Zugang zum Portal gesperrt oder gek\u00fcndigt werden.<\/p>\n<\/div><!--advertisement--><div class=\"mx-5 sm:mx-0 sm:text-3xl text-2xl font-medium title-font mb-4 text-gray-900 text-left\">\n<h2 class=\"wp-block-heading\" id=\"h-secao-v-declaracao-de-nao-responsabilidade-e-restricao-de-garantias\">Abschnitt V \u2013 Haftungsausschluss und Gew\u00e4hrleistungsbeschr\u00e4nkung<\/h2>\n<\/div><div class=\"mx-5 sm:mx-0 prose leading-relaxed text-lg mb-5 text-left wp-paragraph\">\n<p>Palavras e Artes stellt seinen Service \u201ewie besehen\u201c zur Verf\u00fcgung, ohne Garantien f\u00fcr Kontinuit\u00e4t, Sicherheit oder Genauigkeit. Die Servicefunktionalit\u00e4t kann jederzeit und ohne vorherige Ank\u00fcndigung unterbrochen oder beendet werden. Palavras e Artes \u00fcbernimmt keine Verantwortung f\u00fcr etwaige Verluste, die sich aus der Nutzung des Dienstes ergeben, darunter unter anderem:<\/p>\n<\/div><div class=\"mx-5 sm:mx-0 prose text-left mb-5\">\n<ul><div class=\"mx-5 sm:mx-0 prose text-left mb-5\">\n<li>Finanzielle Verluste<\/li>\n<\/div>\n\n<div class=\"mx-5 sm:mx-0 prose text-left mb-5\">\n<li>Datenverlust<\/li>\n<\/div>\n\n<div class=\"mx-5 sm:mx-0 prose text-left mb-5\">\n<li>Immaterielle Sch\u00e4den, wie z. B. Sch\u00e4digung des pers\u00f6nlichen oder gesch\u00e4ftlichen Rufs oder Images<\/li>\n<\/div><\/ul>\n<\/div><div class=\"mx-5 sm:mx-0 prose leading-relaxed text-lg mb-5 text-left wp-paragraph\">\n<p>Es ist jedoch wichtig zu beachten, dass die geltenden Gesetze in bestimmten Gerichtsbarkeiten keinen vollst\u00e4ndigen Haftungsausschluss f\u00fcr Sekund\u00e4r- oder Folgesch\u00e4den zulassen. Unter diesen Umst\u00e4nden ist die Haftung von Palavras e Artes auf das gesetzlich zul\u00e4ssige H\u00f6chstma\u00df beschr\u00e4nkt.<\/p>\n<\/div><!--advertisement--><div class=\"mx-5 sm:mx-0 sm:text-3xl text-2xl font-medium title-font mb-4 text-gray-900 text-left\">\n<h2 class=\"wp-block-heading\" id=\"h-secao-vi-duracao-e-prazo-para-acao-legal\">Abschnitt VI \u2013 Dauer und Frist f\u00fcr rechtliche Schritte<\/h2>\n<\/div><div class=\"mx-5 sm:mx-0 prose leading-relaxed text-lg mb-5 text-left wp-paragraph\">\n<p>Jegliche rechtliche Schritte oder Verwaltungsverfahren, die sich aus der Nutzung von Palavras e Artes ergeben, wie in diesen Nutzungsbedingungen oder der Datenschutzrichtlinie beschrieben, m\u00fcssen innerhalb eines Zeitraums von maximal 90 Tagen nach dem Vorfall eingeleitet werden. Die G\u00fcltigkeit dieser Nutzungsbedingungen bleibt auf unbestimmte Zeit bestehen.<\/p>\n<\/div><!--advertisement--><div class=\"mx-5 sm:mx-0 sm:text-3xl text-2xl font-medium title-font mb-4 text-gray-900 text-left\">\n<h2 class=\"wp-block-heading\" id=\"h-secao-vii-definicao-de-legislacao-e-escolha-de-foro\">Abschnitt VII \u2013 Definition der Gesetzgebung und Wahl des Forums<\/h2>\n<\/div><div class=\"mx-5 sm:mx-0 prose leading-relaxed text-lg mb-5 text-left wp-paragraph\">\n<p><strong>7.1<\/strong> Es ist wichtig, die Nutzungsbedingungen und die Datenschutzrichtlinie gemeinsam zu interpretieren. Beide unterliegen der brasilianischen Gesetzgebung, einschlie\u00dflich der Bundesverfassung, dem Zivilgesetzbuch, dem Verbraucherschutzgesetz, dem Internet-Zivilrahmengesetz und dem Allgemeinen Datenschutzgesetz.<\/p>\n<\/div><div class=\"mx-5 sm:mx-0 prose leading-relaxed text-lg mb-5 text-left wp-paragraph\">\n<p><strong>7.2<\/strong> Im Falle von Streitigkeiten \u00fcber die Auslegung oder Anwendung der Nutzungsbedingungen und der Datenschutzrichtlinie vereinbaren die Parteien gegenseitig, sich der ausschlie\u00dflichen Zust\u00e4ndigkeit der Handelskammer von Tallinn, Estland, zu unterwerfen.<\/p>\n<\/div><!--advertisement--><div class=\"mx-5 sm:mx-0 sm:text-3xl text-2xl font-medium title-font mb-4 text-gray-900 text-left\">\n<h2 class=\"wp-block-heading\" id=\"h-secao-viii-direitos-autorais-e-propriedade-intelectual\">Abschnitt VIII \u2013 Urheberrecht und geistiges Eigentum<\/h2>\n<\/div><div class=\"mx-5 sm:mx-0 prose leading-relaxed text-lg mb-5 text-left wp-paragraph\">\n<p><strong>8.1 Inhaltsschutz<\/strong><\/p>\n<\/div><div class=\"mx-5 sm:mx-0 prose leading-relaxed text-lg mb-5 text-left wp-paragraph\">\n<p>Die von Palavras e Artes angebotenen Inhalte unterliegen dem Urheberrecht und den Gesetzen zum Schutz des geistigen Eigentums. Es ist strengstens untersagt, das bereitgestellte Material ohne die ausdr\u00fcckliche Genehmigung von Palavras e Artes zu reproduzieren, zu \u00e4ndern, zu verbreiten, anzuzeigen oder daraus abgeleitete Werke zu erstellen.<\/p>\n<\/div><div class=\"mx-5 sm:mx-0 prose leading-relaxed text-lg mb-5 text-left wp-paragraph\">\n<p><strong>8.2 Haftungsbeschr\u00e4nkung<\/strong><\/p>\n<\/div><div class=\"mx-5 sm:mx-0 prose leading-relaxed text-lg mb-5 text-left wp-paragraph\">\n<p>Palavras e Artes erkl\u00e4rt sich von der Verantwortung f\u00fcr von Benutzern erstellte Inhalte wie Kommentare oder Beitr\u00e4ge in Foren und sozialen Netzwerken befreit. Sie \u00fcbernimmt auch keine Haftung f\u00fcr Sch\u00e4den, die durch die Nutzung des Portals entstehen, seien es direkte, indirekte, zuf\u00e4llige oder Folgesch\u00e4den.<\/p>\n<\/div><div class=\"mx-5 sm:mx-0 prose leading-relaxed text-lg mb-5 text-left wp-paragraph\">\n<p><strong>8.3 Verst\u00f6\u00dfe<\/strong><\/p>\n<\/div><div class=\"mx-5 sm:mx-0 prose leading-relaxed text-lg mb-5 text-left wp-paragraph\">\n<p>Palavras e Artes hat das Recht, Inhalte zu entfernen, die gegen die Nutzungsbedingungen versto\u00dfen, insbesondere solche, die illegal, beleidigend, verleumderisch oder die Rechte Dritter verletzen. Wir behalten uns au\u00dferdem das Recht vor, die Konten von Benutzern zu k\u00fcndigen, die die vereinbarten Nutzungsbedingungen nicht einhalten.<\/p>\n<\/div><!--advertisement--><div class=\"mx-5 sm:mx-0 sm:text-3xl text-2xl font-medium title-font mb-4 text-gray-900 text-left\">\n<h2 class=\"wp-block-heading\" id=\"h-secao-ix-alteracoes-nos-termos-e-condicoes\">Abschnitt IX \u2013 \u00c4nderungen der Allgemeinen Gesch\u00e4ftsbedingungen<\/h2>\n<\/div><div class=\"mx-5 sm:mx-0 prose leading-relaxed text-lg mb-5 text-left wp-paragraph\">\n<p>Wir behalten uns das Recht vor, die angebotenen Dienste jederzeit und ohne vorherige Ank\u00fcndigung an die Nutzer zu \u00e4ndern oder einzustellen. Die aktuellste Version der Nutzungsbedingungen k\u00f6nnen Sie jederzeit unter abrufen <a style=\" color:;\" href=\"https:\/\/palavraseartes.com\/de\/terms\/\">https:\/\/palavraseartes.com\/terms\/<\/a>.&nbsp;<\/p>\n<\/div><div class=\"mx-5 sm:mx-0 prose leading-relaxed text-lg mb-5 text-left wp-paragraph\">\n<p>Diese \u00c4nderungen bedeuten keine zus\u00e4tzlichen Verantwortlichkeiten f\u00fcr Palavras e Artes. Durch die Nutzung des Palavras e Artes-Portals akzeptieren Sie stillschweigend die aktuellen Allgemeinen Gesch\u00e4ftsbedingungen. Wenn Sie mit den festgelegten Bedingungen nicht einverstanden sind, ist es ratsam, das Portal nicht zu nutzen.<\/p>\n<\/div><!--advertisement--><div class=\"mx-5 sm:mx-0 sm:text-3xl text-2xl font-medium title-font mb-4 text-gray-900 text-left\">\n<h2 class=\"wp-block-heading\" id=\"h-secao-x-entre-em-contato\">Abschnitt X \u2013 Nehmen Sie Kontakt auf<\/h2>\n<\/div><div class=\"mx-5 sm:mx-0 prose leading-relaxed text-lg mb-5 text-left wp-paragraph\">\n<p>Wir stehen Ihnen gerne zur Verf\u00fcgung. Bei Fragen oder Anregungen zu unseren Dienstleistungen empfehlen wir Ihnen, sich an unser Kundensupport-Team zu wenden. Sie k\u00f6nnen Ihre Nachricht \u00fcber das unter dem Link verf\u00fcgbare Formular senden <a style=\" color:;\" href=\"https:\/\/palavraseartes.com\/de\/contact\/\">https:\/\/palavraseartes.com\/contact\/<\/a>.<\/p>\n<\/div>","protected":false},"excerpt":{"rendered":"<p>Letzte Aktualisierung: 13. August 2024. Palavras e Artes ist der Sch\u00f6pfer, Eigent\u00fcmer und Administrator des Palavras e Artes-Portals, zug\u00e4nglich unter https:\/\/palavraseartes.com\/. Die in diesen Nutzungsbedingungen genannten Ausdr\u00fccke \u201ewir\u201c, \u201eunser\u201c und \u201euns\u201c beziehen sich ausschlie\u00dflich auf Palavras e Artes. Unser Portal konzentriert sich auf die Verbreitung von Inhalten, die mit\u2026 verkn\u00fcpft sind. <a class=\"more-link\" href=\"https:\/\/palavraseartes.com\/de\/terms\/\">Lesen Sie weiter <span class=\"screen-reader-text\">Nutzungsbedingungen \u2013 Words and Arts<\/span><\/a><\/p>","protected":false},"author":34,"featured_media":0,"parent":0,"menu_order":0,"comment_status":"closed","ping_status":"closed","template":"","meta":{"footnotes":""},"yoast_head":"<!-- This site is optimized with the Yoast SEO Premium plugin v18.7 (Yoast SEO v23.3) - https:\/\/yoast.com\/wordpress\/plugins\/seo\/ -->\n<title>Termos de Uso - Palavras e Artes - P&amp;A<\/title>\n<meta name=\"robots\" content=\"index, follow, max-snippet:-1, max-image-preview:large, max-video-preview:-1\" \/>\n<link rel=\"canonical\" href=\"https:\/\/palavraseartes.com\/de\/terms\/\" \/>\n<meta property=\"og:locale\" content=\"de_DE\" \/>\n<meta property=\"og:type\" content=\"article\" \/>\n<meta property=\"og:title\" content=\"Termos de Uso - Palavras e Artes\" \/>\n<meta property=\"og:description\" content=\"Atualiza\u00e7\u00e3o mais recente: 13 de Agosto de 2024. Palavras e Artes \u00e9 o criador, propriet\u00e1rio e administrador do portal Palavras e Artes, acess\u00edvel pelo endere\u00e7o https:\/\/palavraseartes.com\/. As express\u00f5es &#8220;n\u00f3s&#8221;, &#8220;nosso&#8221; e &#8220;nos&#8221; mencionadas neste Documento de Termos de Uso referem-se exclusivamente ao Palavras e Artes.&nbsp; Nosso portal \u00e9 focado na dissemina\u00e7\u00e3o de conte\u00fados ligados a&hellip; Continue reading Termos de Uso &#8211; Palavras e Artes\" \/>\n<meta property=\"og:url\" content=\"https:\/\/palavraseartes.com\/de\/terms\/\" \/>\n<meta property=\"og:site_name\" content=\"P&amp;A\" \/>\n<meta property=\"article:modified_time\" content=\"2024-08-14T03:50:56+00:00\" \/>\n<meta name=\"twitter:card\" content=\"summary_large_image\" \/>\n<meta name=\"twitter:label1\" content=\"Est. reading time\" \/>\n\t<meta name=\"twitter:data1\" content=\"7 Minuten\" \/>\n<script type=\"application\/ld+json\" class=\"yoast-schema-graph\">{\"@context\":\"https:\/\/schema.org\",\"@graph\":[{\"@type\":\"WebPage\",\"@id\":\"https:\/\/palavraseartes.com\/terms\/\",\"url\":\"https:\/\/palavraseartes.com\/terms\/\",\"name\":\"Termos de Uso - Palavras e Artes - P&amp;A\",\"isPartOf\":{\"@id\":\"https:\/\/palavraseartes.com\/#website\"},\"datePublished\":\"2024-08-14T03:50:55+00:00\",\"dateModified\":\"2024-08-14T03:50:56+00:00\",\"breadcrumb\":{\"@id\":\"https:\/\/palavraseartes.com\/terms\/#breadcrumb\"},\"inLanguage\":\"de-DE\",\"potentialAction\":[{\"@type\":\"ReadAction\",\"target\":[\"https:\/\/palavraseartes.com\/terms\/\"]}]},{\"@type\":\"BreadcrumbList\",\"@id\":\"https:\/\/palavraseartes.com\/terms\/#breadcrumb\",\"itemListElement\":[{\"@type\":\"ListItem\",\"position\":1,\"name\":\"Home\",\"item\":\"https:\/\/palavraseartes.com\/\"},{\"@type\":\"ListItem\",\"position\":2,\"name\":\"Termos de Uso &#8211; Palavras e Artes\"}]},{\"@type\":\"WebSite\",\"@id\":\"https:\/\/palavraseartes.com\/#website\",\"url\":\"https:\/\/palavraseartes.com\/\",\"name\":\"P&amp;A\",\"description\":\"\",\"potentialAction\":[{\"@type\":\"SearchAction\",\"target\":{\"@type\":\"EntryPoint\",\"urlTemplate\":\"https:\/\/palavraseartes.com\/?s={search_term_string}\"},\"query-input\":\"required name=search_term_string\"}],\"inLanguage\":\"de-DE\"}]}<\/script>\n<!-- \/ Yoast SEO Premium plugin. -->","yoast_head_json":{"title":"Termos de Uso - Palavras e Artes - P&amp;A","robots":{"index":"index","follow":"follow","max-snippet":"max-snippet:-1","max-image-preview":"max-image-preview:large","max-video-preview":"max-video-preview:-1"},"canonical":"https:\/\/palavraseartes.com\/de\/terms\/","og_locale":"de_DE","og_type":"article","og_title":"Termos de Uso - Palavras e Artes","og_description":"Atualiza\u00e7\u00e3o mais recente: 13 de Agosto de 2024. Palavras e Artes \u00e9 o criador, propriet\u00e1rio e administrador do portal Palavras e Artes, acess\u00edvel pelo endere\u00e7o https:\/\/palavraseartes.com\/. As express\u00f5es &#8220;n\u00f3s&#8221;, &#8220;nosso&#8221; e &#8220;nos&#8221; mencionadas neste Documento de Termos de Uso referem-se exclusivamente ao Palavras e Artes.&nbsp; Nosso portal \u00e9 focado na dissemina\u00e7\u00e3o de conte\u00fados ligados a&hellip; Continue reading Termos de Uso &#8211; Palavras e Artes","og_url":"https:\/\/palavraseartes.com\/de\/terms\/","og_site_name":"P&amp;A","article_modified_time":"2024-08-14T03:50:56+00:00","twitter_card":"summary_large_image","twitter_misc":{"Est. reading time":"7 Minuten"},"schema":{"@context":"https:\/\/schema.org","@graph":[{"@type":"WebPage","@id":"https:\/\/palavraseartes.com\/terms\/","url":"https:\/\/palavraseartes.com\/terms\/","name":"Termos de Uso - Palavras e Artes - P&amp;A","isPartOf":{"@id":"https:\/\/palavraseartes.com\/#website"},"datePublished":"2024-08-14T03:50:55+00:00","dateModified":"2024-08-14T03:50:56+00:00","breadcrumb":{"@id":"https:\/\/palavraseartes.com\/terms\/#breadcrumb"},"inLanguage":"de-DE","potentialAction":[{"@type":"ReadAction","target":["https:\/\/palavraseartes.com\/terms\/"]}]},{"@type":"BreadcrumbList","@id":"https:\/\/palavraseartes.com\/terms\/#breadcrumb","itemListElement":[{"@type":"ListItem","position":1,"name":"Home","item":"https:\/\/palavraseartes.com\/"},{"@type":"ListItem","position":2,"name":"Termos de Uso &#8211; Palavras e Artes"}]},{"@type":"WebSite","@id":"https:\/\/palavraseartes.com\/#website","url":"https:\/\/palavraseartes.com\/","name":"P&amp;A","description":"","potentialAction":[{"@type":"SearchAction","target":{"@type":"EntryPoint","urlTemplate":"https:\/\/palavraseartes.com\/?s={search_term_string}"},"query-input":"required name=search_term_string"}],"inLanguage":"de-DE"}]}},"_links":{"self":[{"href":"https:\/\/palavraseartes.com\/de\/wp-json\/wp\/v2\/pages\/78"}],"collection":[{"href":"https:\/\/palavraseartes.com\/de\/wp-json\/wp\/v2\/pages"}],"about":[{"href":"https:\/\/palavraseartes.com\/de\/wp-json\/wp\/v2\/types\/page"}],"author":[{"embeddable":true,"href":"https:\/\/palavraseartes.com\/de\/wp-json\/wp\/v2\/users\/34"}],"replies":[{"embeddable":true,"href":"https:\/\/palavraseartes.com\/de\/wp-json\/wp\/v2\/comments?post=78"}],"version-history":[{"count":1,"href":"https:\/\/palavraseartes.com\/de\/wp-json\/wp\/v2\/pages\/78\/revisions"}],"predecessor-version":[{"id":79,"href":"https:\/\/palavraseartes.com\/de\/wp-json\/wp\/v2\/pages\/78\/revisions\/79"}],"wp:attachment":[{"href":"https:\/\/palavraseartes.com\/de\/wp-json\/wp\/v2\/media?parent=78"}],"curies":[{"name":"wp","href":"https:\/\/api.w.org\/{rel}","templated":true}]}}