{"id":74,"date":"2024-08-14T03:45:58","date_gmt":"2024-08-14T03:45:58","guid":{"rendered":"https:\/\/palavraseartes.com\/?page_id=74"},"modified":"2024-08-14T03:45:58","modified_gmt":"2024-08-14T03:45:58","slug":"about","status":"publish","type":"page","link":"https:\/\/palavraseartes.com\/en\/about\/","title":{"rendered":"On"},"content":{"rendered":"<!--advertisement--><div class=\"mx-5 sm:mx-0 sm:text-3xl text-2xl font-medium title-font mb-4 text-gray-900 text-left\">\n<h2 class=\"wp-block-heading\" id=\"h-palavras-e-artes\">Words and Arts<\/h2>\n<\/div><!--advertisement--><div class=\"mx-5 sm:mx-0 sm:text-3xl text-2xl font-medium title-font mb-4 text-gray-900 text-left\">\n<h3 class=\"wp-block-heading\" id=\"h-descobrindo-novos-horizontes\">Discovering New Horizons!<\/h3>\n<\/div><div class=\"mx-5 sm:mx-0 prose leading-relaxed text-lg mb-5 text-left wp-paragraph\">\n<p>At Palavras e Artes, we are dedicated to researching and providing expert advice on the best entertainment apps and digital content. Our goal is to equip individuals with the information and tools they need to excel in many facets of life, from cultural enrichment to personal development and increased productivity. We firmly believe that access to quality information, combined with determination and persistence, is the key to achieving success and a richer life.<\/p>\n<\/div><!--advertisement--><div class=\"mx-5 sm:mx-0 sm:text-3xl text-2xl font-medium title-font mb-4 text-gray-900 text-left\">\n<h3 class=\"wp-block-heading\" id=\"h-quem-somos\">Who are we?<\/h3>\n<\/div><div class=\"mx-5 sm:mx-0 prose leading-relaxed text-lg mb-5 text-left wp-paragraph\">\n<p>Words and Arts is a portal dedicated to content curation and online learning. We have a team of experienced professionals who strive to curate and deliver relevant and innovative content. We are committed to continually providing valuable insights into culture, technology, personal effectiveness, and innovation, no matter where you are. Consider us your constant partner on your journey to self-improvement.<\/p>\n<\/div><!--advertisement--><div class=\"mx-5 sm:mx-0 sm:text-3xl text-2xl font-medium title-font mb-4 text-gray-900 text-left\">\n<h3 class=\"wp-block-heading\" id=\"h-contribua-para-nosso-crescimento\">Contribute to our growth!<\/h3>\n<\/div><div class=\"mx-5 sm:mx-0 prose leading-relaxed text-lg mb-5 text-left wp-paragraph\">\n<p>Your feedback is essential to us. If you have suggestions for new topics, constructive criticism or proposals to expand our collection of articles, do not hesitate to contact us through our contact page. Together, we can develop a brighter future, driven by knowledge and innovation.<\/p>\n<\/div><div class=\"mx-5 sm:mx-0 prose leading-relaxed text-lg mb-5 text-left wp-paragraph\">\n<p><\/p>\n<\/div>","protected":false},"excerpt":{"rendered":"<p>Words and Arts Discovering New Horizons! At Words and Arts, we are dedicated to researching and providing expert advice on the best entertainment apps and digital content. Our goal is to equip individuals with the information and tools they need to excel in many facets of life, from cultural enhancement to personal development and growth. <a class=\"more-link\" href=\"https:\/\/palavraseartes.com\/en\/about\/\">Continue reading <span class=\"screen-reader-text\">On<\/span><\/a><\/p>","protected":false},"author":34,"featured_media":0,"parent":0,"menu_order":0,"comment_status":"closed","ping_status":"closed","template":"","meta":{"footnotes":""},"yoast_head":"<!-- This site is optimized with the Yoast SEO Premium plugin v18.7 (Yoast SEO v23.3) - https:\/\/yoast.com\/wordpress\/plugins\/seo\/ -->\n<title>Sobre - P&amp;A<\/title>\n<meta name=\"robots\" content=\"index, follow, max-snippet:-1, max-image-preview:large, max-video-preview:-1\" \/>\n<link rel=\"canonical\" href=\"https:\/\/palavraseartes.com\/en\/about\/\" \/>\n<meta property=\"og:locale\" content=\"en_US\" \/>\n<meta property=\"og:type\" content=\"article\" \/>\n<meta property=\"og:title\" content=\"Sobre\" \/>\n<meta property=\"og:description\" content=\"Palavras e Artes Descobrindo Novos Horizontes! No Palavras e Artes, empenhamo-nos na pesquisa e na oferta de conselhos especializados sobre os melhores aplicativos de entretenimento e conte\u00fados digitais. Nosso objetivo \u00e9 equipar indiv\u00edduos com as informa\u00e7\u00f5es e ferramentas necess\u00e1rias para se destacarem em diversas facetas da vida, desde aprimoramento cultural at\u00e9 desenvolvimento pessoal e aumento&hellip; Continue reading Sobre\" \/>\n<meta property=\"og:url\" content=\"https:\/\/palavraseartes.com\/en\/about\/\" \/>\n<meta property=\"og:site_name\" content=\"P&amp;A\" \/>\n<meta name=\"twitter:card\" content=\"summary_large_image\" \/>\n<meta name=\"twitter:label1\" content=\"Est. reading time\" \/>\n\t<meta name=\"twitter:data1\" content=\"1 minute\" \/>\n<script type=\"application\/ld+json\" class=\"yoast-schema-graph\">{\"@context\":\"https:\/\/schema.org\",\"@graph\":[{\"@type\":\"WebPage\",\"@id\":\"https:\/\/palavraseartes.com\/about\/\",\"url\":\"https:\/\/palavraseartes.com\/about\/\",\"name\":\"Sobre - P&amp;A\",\"isPartOf\":{\"@id\":\"https:\/\/palavraseartes.com\/#website\"},\"datePublished\":\"2024-08-14T03:45:58+00:00\",\"dateModified\":\"2024-08-14T03:45:58+00:00\",\"breadcrumb\":{\"@id\":\"https:\/\/palavraseartes.com\/about\/#breadcrumb\"},\"inLanguage\":\"en-US\",\"potentialAction\":[{\"@type\":\"ReadAction\",\"target\":[\"https:\/\/palavraseartes.com\/about\/\"]}]},{\"@type\":\"BreadcrumbList\",\"@id\":\"https:\/\/palavraseartes.com\/about\/#breadcrumb\",\"itemListElement\":[{\"@type\":\"ListItem\",\"position\":1,\"name\":\"Home\",\"item\":\"https:\/\/palavraseartes.com\/\"},{\"@type\":\"ListItem\",\"position\":2,\"name\":\"Sobre\"}]},{\"@type\":\"WebSite\",\"@id\":\"https:\/\/palavraseartes.com\/#website\",\"url\":\"https:\/\/palavraseartes.com\/\",\"name\":\"P&amp;A\",\"description\":\"\",\"potentialAction\":[{\"@type\":\"SearchAction\",\"target\":{\"@type\":\"EntryPoint\",\"urlTemplate\":\"https:\/\/palavraseartes.com\/?s={search_term_string}\"},\"query-input\":\"required name=search_term_string\"}],\"inLanguage\":\"en-US\"}]}<\/script>\n<!-- \/ Yoast SEO Premium plugin. -->","yoast_head_json":{"title":"Sobre - P&amp;A","robots":{"index":"index","follow":"follow","max-snippet":"max-snippet:-1","max-image-preview":"max-image-preview:large","max-video-preview":"max-video-preview:-1"},"canonical":"https:\/\/palavraseartes.com\/en\/about\/","og_locale":"en_US","og_type":"article","og_title":"Sobre","og_description":"Palavras e Artes Descobrindo Novos Horizontes! No Palavras e Artes, empenhamo-nos na pesquisa e na oferta de conselhos especializados sobre os melhores aplicativos de entretenimento e conte\u00fados digitais. Nosso objetivo \u00e9 equipar indiv\u00edduos com as informa\u00e7\u00f5es e ferramentas necess\u00e1rias para se destacarem em diversas facetas da vida, desde aprimoramento cultural at\u00e9 desenvolvimento pessoal e aumento&hellip; Continue reading Sobre","og_url":"https:\/\/palavraseartes.com\/en\/about\/","og_site_name":"P&amp;A","twitter_card":"summary_large_image","twitter_misc":{"Est. reading time":"1 minute"},"schema":{"@context":"https:\/\/schema.org","@graph":[{"@type":"WebPage","@id":"https:\/\/palavraseartes.com\/about\/","url":"https:\/\/palavraseartes.com\/about\/","name":"Sobre - P&amp;A","isPartOf":{"@id":"https:\/\/palavraseartes.com\/#website"},"datePublished":"2024-08-14T03:45:58+00:00","dateModified":"2024-08-14T03:45:58+00:00","breadcrumb":{"@id":"https:\/\/palavraseartes.com\/about\/#breadcrumb"},"inLanguage":"en-US","potentialAction":[{"@type":"ReadAction","target":["https:\/\/palavraseartes.com\/about\/"]}]},{"@type":"BreadcrumbList","@id":"https:\/\/palavraseartes.com\/about\/#breadcrumb","itemListElement":[{"@type":"ListItem","position":1,"name":"Home","item":"https:\/\/palavraseartes.com\/"},{"@type":"ListItem","position":2,"name":"Sobre"}]},{"@type":"WebSite","@id":"https:\/\/palavraseartes.com\/#website","url":"https:\/\/palavraseartes.com\/","name":"P&amp;A","description":"","potentialAction":[{"@type":"SearchAction","target":{"@type":"EntryPoint","urlTemplate":"https:\/\/palavraseartes.com\/?s={search_term_string}"},"query-input":"required name=search_term_string"}],"inLanguage":"en-US"}]}},"_links":{"self":[{"href":"https:\/\/palavraseartes.com\/en\/wp-json\/wp\/v2\/pages\/74"}],"collection":[{"href":"https:\/\/palavraseartes.com\/en\/wp-json\/wp\/v2\/pages"}],"about":[{"href":"https:\/\/palavraseartes.com\/en\/wp-json\/wp\/v2\/types\/page"}],"author":[{"embeddable":true,"href":"https:\/\/palavraseartes.com\/en\/wp-json\/wp\/v2\/users\/34"}],"replies":[{"embeddable":true,"href":"https:\/\/palavraseartes.com\/en\/wp-json\/wp\/v2\/comments?post=74"}],"version-history":[{"count":1,"href":"https:\/\/palavraseartes.com\/en\/wp-json\/wp\/v2\/pages\/74\/revisions"}],"predecessor-version":[{"id":75,"href":"https:\/\/palavraseartes.com\/en\/wp-json\/wp\/v2\/pages\/74\/revisions\/75"}],"wp:attachment":[{"href":"https:\/\/palavraseartes.com\/en\/wp-json\/wp\/v2\/media?parent=74"}],"curies":[{"name":"wp","href":"https:\/\/api.w.org\/{rel}","templated":true}]}}